{"id":3397,"date":"2018-11-07T11:24:16","date_gmt":"2018-11-07T11:24:16","guid":{"rendered":"https:\/\/esg-am.ch\/focus-products\/"},"modified":"2022-05-18T14:17:01","modified_gmt":"2022-05-18T14:17:01","slug":"fokus-produkte","status":"publish","type":"page","link":"https:\/\/esg-am.ch\/de\/fokus-produkte\/","title":{"rendered":"Fokus &#038; Produkte"},"content":{"rendered":"[vc_row full_width=&#8221;stretch_row&#8221; full_height=&#8221;yes&#8221; el_id=&#8221;one-box&#8221; el_class=&#8221;operational_row&#8221;][vc_column width=&#8221;1\/2&#8243;][wgl_spacing spacer_size=&#8221;50px&#8221;][vc_custom_heading text=&#8221;Operativer Fokus&#8221; font_container=&#8221;tag:h6|font_size:36px|text_align:center|color:%23000000|line_height:42px&#8221; google_fonts=&#8221;font_family:Roboto%20Slab%3A100%2C300%2Cregular%2C700|font_style:400%20regular%3A400%3Anormal&#8221; el_id=&#8221;operationeller-fokus&#8221; el_class=&#8221;operational&#8221;][wgl_spacing spacer_size=&#8221;30px&#8221;]<section class=\"wgl_cpt_section\"><div class=\"wgl_portfolio_list\" id=\"portfolio_module_69e90c5706852\"><div class=\"wgl_portfolio_list-container container-grid row grid portfolio_columns-2\"  style=\"margin-right:-15px; margin-left:-15px; margin-bottom:-30px;\"><\/div><\/div><\/section>[\/vc_column][vc_column width=&#8221;1\/2&#8243;][wgl_spacing spacer_size=&#8221;50px&#8221;][vc_custom_heading text=&#8221;Kundenversprechen&#8221; font_container=&#8221;tag:h6|font_size:36px|text_align:center|color:%23000000|line_height:42px&#8221; google_fonts=&#8221;font_family:Roboto%20Slab%3A100%2C300%2Cregular%2C700|font_style:400%20regular%3A400%3Anormal&#8221; el_id=&#8221;kundenversprechen&#8221;][wgl_spacing spacer_size=&#8221;30px&#8221;]<section class=\"wgl_cpt_section\"><div class=\"wgl_portfolio_list\" id=\"portfolio_module_69e90c570dce3\"><div class=\"wgl_portfolio_list-container container-grid row grid portfolio_columns-1\"  style=\"margin-right:-15px; margin-left:-15px; margin-bottom:-30px;\"><\/div><\/div><\/section>[\/vc_column][\/vc_row][vc_row full_width=&#8221;stretch_row&#8221; full_height=&#8221;yes&#8221; css=&#8221;.vc_custom_1652883219096{background-color: #333333 !important;}&#8221; el_id=&#8221;cooperation-partner&#8221;][vc_column][wgl_spacing spacer_size=&#8221;40px&#8221;][vc_custom_heading text=&#8221;Partner&#8221; font_container=&#8221;tag:h4|font_size:36px|text_align:center|color:%23ffffff|line_height:42px&#8221; google_fonts=&#8221;font_family:Roboto%20Slab%3A100%2C300%2Cregular%2C700|font_style:400%20regular%3A400%3Anormal&#8221; el_id=&#8221;partner&#8221;][wgl_spacing spacer_size=&#8221;50px&#8221;][vc_row_inner][vc_column_inner width=&#8221;1\/2&#8243;][wgl_flip_box front_bg_color=&#8221;#878787&#8243; front_descr_color=&#8221;#333333&#8243; back_bg_color=&#8221;#ffffff&#8221; back_title_color=&#8221;#d3d3d3&#8243; back_descr_color=&#8221;#333333&#8243; back_descr=&#8221;ISS ist einer der weltweit f\u00fchrende Anbieter von L\u00f6sungen f\u00fcr Corporate Governance und verantwortungsbewusstes Investment. ISS ist unser prim\u00e4rer Datenlieferant f\u00fcr alle drei Nachhaltigkeitsdimensionen (\u00abE\u00bb, \u00abS\u00bb und \u00abG\u00bb).&#8221; back_logo_image=&#8221;1367&#8243; front_title=&#8221;ISS ESG&#8221; extra_class=&#8221;iss-esg&#8221;][wgl_button button_text=&#8221;get to \u0131ss&#8221; size=&#8221;m&#8221; align=&#8221;center&#8221; google_fonts_button=&#8221;font_family:Roboto%3A100%2C100italic%2C300%2C300italic%2Cregular%2Citalic%2C500%2C500italic%2C700%2C700italic%2C900%2C900italic|font_style:400%20regular%3A400%3Anormal&#8221; top_mar=&#8221;10&#8243; customize=&#8221;color&#8221; text_color=&#8221;#ffffff&#8221; text_color_hover=&#8221;#ff4664&#8243; bg_color=&#8221;#ff4664&#8243; bg_color_hover=&#8221;#ffffff&#8221; border_color=&#8221;#ff4664&#8243; border_color_hover=&#8221;#ff4664&#8243; link=&#8221;url:https%3A%2F%2Fwww.issgovernance.com%2F|target:_blank&#8221; custom_fonts_button=&#8221;true&#8221;][wgl_spacing spacer_size=&#8221;20px&#8221;][\/vc_column_inner][vc_column_inner width=&#8221;1\/2&#8243;][wgl_flip_box front_bg_color=&#8221;#878787&#8243; front_descr_color=&#8221;#333333&#8243; back_bg_color=&#8221;&#8221; back_title_color=&#8221;#333333&#8243; back_descr_color=&#8221;#333333&#8243; back_descr=&#8221;ResponsAbility ist ein f\u00fchrendes Unternehmen im Bereich der nachhaltigen Finanzierung seit fast 20 Jahren. Ihre Kernkompetenz ist die Investition in die Ver\u00e4nderung der Ergebnisse der dr\u00e4ngendsten Probleme unserer Zeit, wie etwa des Klimawandels. Mit responsAbility haben wir eine exklusive Kooperation im Klimabereich.&#8221; front_title=&#8221;ResponsAbility&#8221; back_logo_image=&#8221;1369&#8243; extra_class=&#8221;respan&#8221;][wgl_button button_text=&#8221;get to responsability&#8221; size=&#8221;m&#8221; align=&#8221;center&#8221; google_fonts_button=&#8221;font_family:Roboto%3A100%2C100italic%2C300%2C300italic%2Cregular%2Citalic%2C500%2C500italic%2C700%2C700italic%2C900%2C900italic|font_style:400%20regular%3A400%3Anormal&#8221; top_mar=&#8221;10&#8243; customize=&#8221;color&#8221; text_color=&#8221;#ffffff&#8221; text_color_hover=&#8221;#ff4664&#8243; bg_color=&#8221;#ff4664&#8243; bg_color_hover=&#8221;#ffffff&#8221; border_color=&#8221;#ff4664&#8243; border_color_hover=&#8221;#ff4664&#8243; link=&#8221;url:https%3A%2F%2Fwww.responsability.com%2Fen|target:_blank&#8221; custom_fonts_button=&#8221;true&#8221;][wgl_spacing spacer_size=&#8221;20px&#8221;][\/vc_column_inner][\/vc_row_inner][\/vc_column][\/vc_row][vc_row full_width=&#8221;stretch_row&#8221; full_height=&#8221;yes&#8221; el_id=&#8221;produktangebot&#8221;][vc_column][wgl_spacing spacer_size=&#8221;30px&#8221;][vc_custom_heading text=&#8221;Produktangebot&#8221; font_container=&#8221;tag:h4|font_size:36px|text_align:center|color:%23000000|line_height:42px&#8221; google_fonts=&#8221;font_family:Roboto%20Slab%3A100%2C300%2Cregular%2C700|font_style:400%20regular%3A400%3Anormal&#8221;][wgl_spacing spacer_size=&#8221;20px&#8221;][vc_column_text]Wir fokussieren uns auf ein konzentriertes Dienstleistungs- und Produktangebot f\u00fcr nachhaltige Verm\u00f6gensanlagen. Ausgehend von den Kompetenzen im Bereich Credit investieren wir nicht nur in Unternehmen, die \u00fcber ein gutes ESG-Rating verf\u00fcgen bzw. eine gute Performance im Bereich Nachhaltigkeit aufweisen, sondern die wir aufgrund von konkreten Fortschritten und Zielen in bestimmten Themen als Vorreiter identifizieren: Dabei geht es um Klimaziele und Massnahmen im Bereich Gender und Diversity, Human Capital und Supply Chain. W\u00e4hrend beim Sourcing von Daten auf Partnerschaften aufgebaut wird, setzen wir bei der Auswertung auf selbst entwickelte Modelle und modernste Technologie.[\/vc_column_text][vc_row_inner][vc_column_inner width=&#8221;1\/3&#8243;][wgl_spacing spacer_size=&#8221;20px&#8221;][wgl_services front_bg_style=&#8221;front_color&#8221; front_bg_color=&#8221;#e1faff&#8221; front_icon_type=&#8221;image&#8221; front_icon_thumbnail=&#8221;1869&#8243; front_title_color=&#8221;#000000&#8243; back_bg_color=&#8221;&#8221; button_customize=&#8221;color&#8221; button_text_color=&#8221;#ffffff&#8221; button_text_color_hover=&#8221;#fa4664&#8243; button_bg_color=&#8221;#fa4664&#8243; button_bg_color_hover=&#8221;#ffffff&#8221; button_border_color=&#8221;#fa4664&#8243; button_border_color_hover=&#8221;#fa4664&#8243; add_read_more=&#8221;true&#8221; front_title=&#8221;ESG-AM High Yield Social Transformation&#8221; item_el_class=&#8221;product-offering-card-1&#8243;][wgl_spacing spacer_size=&#8221;20px&#8221;][\/vc_column_inner][vc_column_inner width=&#8221;1\/3&#8243;][wgl_spacing spacer_size=&#8221;20px&#8221;][wgl_services front_bg_style=&#8221;front_color&#8221; front_bg_color=&#8221;#e1faff&#8221; front_icon_type=&#8221;image&#8221; front_icon_thumbnail=&#8221;1870&#8243; front_title_color=&#8221;#000000&#8243; back_bg_color=&#8221;&#8221; button_customize=&#8221;color&#8221; button_text_color=&#8221;#ffffff&#8221; button_text_color_hover=&#8221;#fa4664&#8243; button_bg_color=&#8221;#fa4664&#8243; button_bg_color_hover=&#8221;#ffffff&#8221; button_border_color=&#8221;#fa4664&#8243; button_border_color_hover=&#8221;#fa4664&#8243; add_read_more=&#8221;true&#8221; front_title=&#8221;ESG-AM Multi Credit&#8221; item_el_class=&#8221;product-offering-card-2&#8243; link=&#8221;url:%23product-offering&#8221;][wgl_spacing spacer_size=&#8221;20px&#8221;][\/vc_column_inner][vc_column_inner width=&#8221;1\/3&#8243;][wgl_spacing spacer_size=&#8221;20px&#8221;][wgl_services front_bg_style=&#8221;front_color&#8221; front_bg_color=&#8221;#e1faff&#8221; front_icon_type=&#8221;image&#8221; front_icon_thumbnail=&#8221;1880&#8243; front_title_color=&#8221;#000000&#8243; back_bg_color=&#8221;&#8221; button_customize=&#8221;color&#8221; button_text_color=&#8221;#ffffff&#8221; button_text_color_hover=&#8221;#fa4664&#8243; button_bg_color=&#8221;#fa4664&#8243; button_bg_color_hover=&#8221;#ffffff&#8221; button_border_color=&#8221;#fa4664&#8243; button_border_color_hover=&#8221;#fa4664&#8243; add_read_more=&#8221;true&#8221; front_title=&#8221;rA Transition to Net Zero Corporate Bonds&#8221; item_el_class=&#8221;product-offering-card-3&#8243;][wgl_spacing spacer_size=&#8221;20px&#8221;][\/vc_column_inner][\/vc_row_inner][\/vc_column][\/vc_row]\n","protected":false},"excerpt":{"rendered":"<p>[vc_row full_width=&#8221;stretch_row&#8221; full_height=&#8221;yes&#8221; el_id=&#8221;one-box&#8221; el_class=&#8221;operational_row&#8221;][vc_column width=&#8221;1\/2&#8243;][wgl_spacing spacer_size=&#8221;50px&#8221;][vc_custom_heading text=&#8221;Operativer Fokus&#8221; font_container=&#8221;tag:h6|font_size:36px|text_align:center|color:%23000000|line_height:42px&#8221; google_fonts=&#8221;font_family:Roboto%20Slab%3A100%2C300%2Cregular%2C700|font_style:400%20regular%3A400%3Anormal&#8221; el_id=&#8221;operationeller-fokus&#8221; el_class=&#8221;operational&#8221;][wgl_spacing spacer_size=&#8221;30px&#8221;][\/vc_column][vc_column width=&#8221;1\/2&#8243;][wgl_spacing spacer_size=&#8221;50px&#8221;][vc_custom_heading text=&#8221;Kundenversprechen&#8221; font_container=&#8221;tag:h6|font_size:36px|text_align:center|color:%23000000|line_height:42px&#8221; google_fonts=&#8221;font_family:Roboto%20Slab%3A100%2C300%2Cregular%2C700|font_style:400%20regular%3A400%3Anormal&#8221; el_id=&#8221;kundenversprechen&#8221;][wgl_spacing spacer_size=&#8221;30px&#8221;][\/vc_column][\/vc_row][vc_row full_width=&#8221;stretch_row&#8221; full_height=&#8221;yes&#8221; css=&#8221;.vc_custom_1652883219096{background-color: #333333 !important;}&#8221; el_id=&#8221;cooperation-partner&#8221;][vc_column][wgl_spacing spacer_size=&#8221;40px&#8221;][vc_custom_heading text=&#8221;Partner&#8221; font_container=&#8221;tag:h4|font_size:36px|text_align:center|color:%23ffffff|line_height:42px&#8221; google_fonts=&#8221;font_family:Roboto%20Slab%3A100%2C300%2Cregular%2C700|font_style:400%20regular%3A400%3Anormal&#8221; el_id=&#8221;partner&#8221;][wgl_spacing spacer_size=&#8221;50px&#8221;][vc_row_inner][vc_column_inner width=&#8221;1\/2&#8243;][wgl_flip_box front_bg_color=&#8221;#878787&#8243; front_descr_color=&#8221;#333333&#8243; back_bg_color=&#8221;#ffffff&#8221; back_title_color=&#8221;#d3d3d3&#8243; back_descr_color=&#8221;#333333&#8243; back_descr=&#8221;ISS ist einer der weltweit f\u00fchrende Anbieter von L\u00f6sungen f\u00fcr Corporate Governance und verantwortungsbewusstes Investment. ISS [&hellip;]<\/p>\n","protected":false},"author":1,"featured_media":0,"parent":0,"menu_order":0,"comment_status":"closed","ping_status":"closed","template":"","meta":{"_coblocks_attr":"","_coblocks_dimensions":"","_coblocks_responsive_height":"","_coblocks_accordion_ie_support":"","footnotes":""},"class_list":["post-3397","page","type-page","status-publish","hentry"],"yoast_head":"<!-- This site is optimized with the Yoast SEO plugin v27.4 - https:\/\/yoast.com\/product\/yoast-seo-wordpress\/ -->\n<title>Fokus &amp; Produkte - ESG Asset Management AG<\/title>\n<meta name=\"robots\" content=\"index, follow, max-snippet:-1, max-image-preview:large, max-video-preview:-1\" \/>\n<link rel=\"canonical\" href=\"https:\/\/esg-am.ch\/focus-products\/\" \/>\n<meta property=\"og:locale\" content=\"de_DE\" \/>\n<meta property=\"og:type\" content=\"article\" \/>\n<meta property=\"og:title\" content=\"Fokus &amp; Produkte - ESG Asset Management AG\" \/>\n<meta property=\"og:description\" content=\"[vc_row full_width=&#8221;stretch_row&#8221; full_height=&#8221;yes&#8221; el_id=&#8221;one-box&#8221; el_class=&#8221;operational_row&#8221;][vc_column width=&#8221;1\/2&#8243;][wgl_spacing spacer_size=&#8221;50px&#8221;][vc_custom_heading text=&#8221;Operativer Fokus&#8221; font_container=&#8221;tag:h6|font_size:36px|text_align:center|color:%23000000|line_height:42px&#8221; google_fonts=&#8221;font_family:Roboto%20Slab%3A100%2C300%2Cregular%2C700|font_style:400%20regular%3A400%3Anormal&#8221; el_id=&#8221;operationeller-fokus&#8221; el_class=&#8221;operational&#8221;][wgl_spacing spacer_size=&#8221;30px&#8221;][\/vc_column][vc_column width=&#8221;1\/2&#8243;][wgl_spacing spacer_size=&#8221;50px&#8221;][vc_custom_heading text=&#8221;Kundenversprechen&#8221; font_container=&#8221;tag:h6|font_size:36px|text_align:center|color:%23000000|line_height:42px&#8221; google_fonts=&#8221;font_family:Roboto%20Slab%3A100%2C300%2Cregular%2C700|font_style:400%20regular%3A400%3Anormal&#8221; el_id=&#8221;kundenversprechen&#8221;][wgl_spacing spacer_size=&#8221;30px&#8221;][\/vc_column][\/vc_row][vc_row full_width=&#8221;stretch_row&#8221; full_height=&#8221;yes&#8221; css=&#8221;.vc_custom_1652883219096{background-color: #333333 !important;}&#8221; el_id=&#8221;cooperation-partner&#8221;][vc_column][wgl_spacing spacer_size=&#8221;40px&#8221;][vc_custom_heading text=&#8221;Partner&#8221; font_container=&#8221;tag:h4|font_size:36px|text_align:center|color:%23ffffff|line_height:42px&#8221; google_fonts=&#8221;font_family:Roboto%20Slab%3A100%2C300%2Cregular%2C700|font_style:400%20regular%3A400%3Anormal&#8221; el_id=&#8221;partner&#8221;][wgl_spacing spacer_size=&#8221;50px&#8221;][vc_row_inner][vc_column_inner width=&#8221;1\/2&#8243;][wgl_flip_box front_bg_color=&#8221;#878787&#8243; front_descr_color=&#8221;#333333&#8243; back_bg_color=&#8221;#ffffff&#8221; back_title_color=&#8221;#d3d3d3&#8243; back_descr_color=&#8221;#333333&#8243; back_descr=&#8221;ISS ist einer der weltweit f\u00fchrende Anbieter von L\u00f6sungen f\u00fcr Corporate Governance und verantwortungsbewusstes Investment. ISS [&hellip;]\" \/>\n<meta property=\"og:url\" content=\"https:\/\/esg-am.ch\/focus-products\/\" \/>\n<meta property=\"og:site_name\" content=\"ESG Asset Management AG\" \/>\n<meta property=\"article:modified_time\" content=\"2022-05-18T14:17:01+00:00\" \/>\n<meta name=\"twitter:card\" content=\"summary_large_image\" \/>\n<meta name=\"twitter:label1\" content=\"Gesch\u00e4tzte Lesezeit\" \/>\n\t<meta name=\"twitter:data1\" content=\"6\u00a0Minuten\" \/>\n<script type=\"application\/ld+json\" class=\"yoast-schema-graph\">{\"@context\":\"https:\\\/\\\/schema.org\",\"@graph\":[{\"@type\":\"WebPage\",\"@id\":\"https:\\\/\\\/esg-am.ch\\\/focus-products\\\/\",\"url\":\"https:\\\/\\\/esg-am.ch\\\/focus-products\\\/\",\"name\":\"Fokus & Produkte - ESG Asset Management AG\",\"isPartOf\":{\"@id\":\"https:\\\/\\\/esg-am.ch\\\/#website\"},\"datePublished\":\"2018-11-07T11:24:16+00:00\",\"dateModified\":\"2022-05-18T14:17:01+00:00\",\"breadcrumb\":{\"@id\":\"https:\\\/\\\/esg-am.ch\\\/focus-products\\\/#breadcrumb\"},\"inLanguage\":\"de\",\"potentialAction\":[{\"@type\":\"ReadAction\",\"target\":[\"https:\\\/\\\/esg-am.ch\\\/focus-products\\\/\"]}]},{\"@type\":\"BreadcrumbList\",\"@id\":\"https:\\\/\\\/esg-am.ch\\\/focus-products\\\/#breadcrumb\",\"itemListElement\":[{\"@type\":\"ListItem\",\"position\":1,\"name\":\"Home\",\"item\":\"https:\\\/\\\/esg-am.ch\\\/de\\\/\"},{\"@type\":\"ListItem\",\"position\":2,\"name\":\"Fokus &#038; Produkte\"}]},{\"@type\":\"WebSite\",\"@id\":\"https:\\\/\\\/esg-am.ch\\\/#website\",\"url\":\"https:\\\/\\\/esg-am.ch\\\/\",\"name\":\"ESG Asset Management AG\",\"description\":\"\",\"potentialAction\":[{\"@type\":\"SearchAction\",\"target\":{\"@type\":\"EntryPoint\",\"urlTemplate\":\"https:\\\/\\\/esg-am.ch\\\/?s={search_term_string}\"},\"query-input\":{\"@type\":\"PropertyValueSpecification\",\"valueRequired\":true,\"valueName\":\"search_term_string\"}}],\"inLanguage\":\"de\"}]}<\/script>\n<!-- \/ Yoast SEO plugin. -->","yoast_head_json":{"title":"Fokus & Produkte - ESG Asset Management AG","robots":{"index":"index","follow":"follow","max-snippet":"max-snippet:-1","max-image-preview":"max-image-preview:large","max-video-preview":"max-video-preview:-1"},"canonical":"https:\/\/esg-am.ch\/focus-products\/","og_locale":"de_DE","og_type":"article","og_title":"Fokus & Produkte - ESG Asset Management AG","og_description":"[vc_row full_width=&#8221;stretch_row&#8221; full_height=&#8221;yes&#8221; el_id=&#8221;one-box&#8221; el_class=&#8221;operational_row&#8221;][vc_column width=&#8221;1\/2&#8243;][wgl_spacing spacer_size=&#8221;50px&#8221;][vc_custom_heading text=&#8221;Operativer Fokus&#8221; font_container=&#8221;tag:h6|font_size:36px|text_align:center|color:%23000000|line_height:42px&#8221; google_fonts=&#8221;font_family:Roboto%20Slab%3A100%2C300%2Cregular%2C700|font_style:400%20regular%3A400%3Anormal&#8221; el_id=&#8221;operationeller-fokus&#8221; el_class=&#8221;operational&#8221;][wgl_spacing spacer_size=&#8221;30px&#8221;][\/vc_column][vc_column width=&#8221;1\/2&#8243;][wgl_spacing spacer_size=&#8221;50px&#8221;][vc_custom_heading text=&#8221;Kundenversprechen&#8221; font_container=&#8221;tag:h6|font_size:36px|text_align:center|color:%23000000|line_height:42px&#8221; google_fonts=&#8221;font_family:Roboto%20Slab%3A100%2C300%2Cregular%2C700|font_style:400%20regular%3A400%3Anormal&#8221; el_id=&#8221;kundenversprechen&#8221;][wgl_spacing spacer_size=&#8221;30px&#8221;][\/vc_column][\/vc_row][vc_row full_width=&#8221;stretch_row&#8221; full_height=&#8221;yes&#8221; css=&#8221;.vc_custom_1652883219096{background-color: #333333 !important;}&#8221; el_id=&#8221;cooperation-partner&#8221;][vc_column][wgl_spacing spacer_size=&#8221;40px&#8221;][vc_custom_heading text=&#8221;Partner&#8221; font_container=&#8221;tag:h4|font_size:36px|text_align:center|color:%23ffffff|line_height:42px&#8221; google_fonts=&#8221;font_family:Roboto%20Slab%3A100%2C300%2Cregular%2C700|font_style:400%20regular%3A400%3Anormal&#8221; el_id=&#8221;partner&#8221;][wgl_spacing spacer_size=&#8221;50px&#8221;][vc_row_inner][vc_column_inner width=&#8221;1\/2&#8243;][wgl_flip_box front_bg_color=&#8221;#878787&#8243; front_descr_color=&#8221;#333333&#8243; back_bg_color=&#8221;#ffffff&#8221; back_title_color=&#8221;#d3d3d3&#8243; back_descr_color=&#8221;#333333&#8243; back_descr=&#8221;ISS ist einer der weltweit f\u00fchrende Anbieter von L\u00f6sungen f\u00fcr Corporate Governance und verantwortungsbewusstes Investment. ISS [&hellip;]","og_url":"https:\/\/esg-am.ch\/focus-products\/","og_site_name":"ESG Asset Management AG","article_modified_time":"2022-05-18T14:17:01+00:00","twitter_card":"summary_large_image","twitter_misc":{"Gesch\u00e4tzte Lesezeit":"6\u00a0Minuten"},"schema":{"@context":"https:\/\/schema.org","@graph":[{"@type":"WebPage","@id":"https:\/\/esg-am.ch\/focus-products\/","url":"https:\/\/esg-am.ch\/focus-products\/","name":"Fokus & Produkte - ESG Asset Management AG","isPartOf":{"@id":"https:\/\/esg-am.ch\/#website"},"datePublished":"2018-11-07T11:24:16+00:00","dateModified":"2022-05-18T14:17:01+00:00","breadcrumb":{"@id":"https:\/\/esg-am.ch\/focus-products\/#breadcrumb"},"inLanguage":"de","potentialAction":[{"@type":"ReadAction","target":["https:\/\/esg-am.ch\/focus-products\/"]}]},{"@type":"BreadcrumbList","@id":"https:\/\/esg-am.ch\/focus-products\/#breadcrumb","itemListElement":[{"@type":"ListItem","position":1,"name":"Home","item":"https:\/\/esg-am.ch\/de\/"},{"@type":"ListItem","position":2,"name":"Fokus &#038; Produkte"}]},{"@type":"WebSite","@id":"https:\/\/esg-am.ch\/#website","url":"https:\/\/esg-am.ch\/","name":"ESG Asset Management AG","description":"","potentialAction":[{"@type":"SearchAction","target":{"@type":"EntryPoint","urlTemplate":"https:\/\/esg-am.ch\/?s={search_term_string}"},"query-input":{"@type":"PropertyValueSpecification","valueRequired":true,"valueName":"search_term_string"}}],"inLanguage":"de"}]}},"_links":{"self":[{"href":"https:\/\/esg-am.ch\/de\/wp-json\/wp\/v2\/pages\/3397","targetHints":{"allow":["GET"]}}],"collection":[{"href":"https:\/\/esg-am.ch\/de\/wp-json\/wp\/v2\/pages"}],"about":[{"href":"https:\/\/esg-am.ch\/de\/wp-json\/wp\/v2\/types\/page"}],"author":[{"embeddable":true,"href":"https:\/\/esg-am.ch\/de\/wp-json\/wp\/v2\/users\/1"}],"replies":[{"embeddable":true,"href":"https:\/\/esg-am.ch\/de\/wp-json\/wp\/v2\/comments?post=3397"}],"version-history":[{"count":4,"href":"https:\/\/esg-am.ch\/de\/wp-json\/wp\/v2\/pages\/3397\/revisions"}],"predecessor-version":[{"id":3789,"href":"https:\/\/esg-am.ch\/de\/wp-json\/wp\/v2\/pages\/3397\/revisions\/3789"}],"wp:attachment":[{"href":"https:\/\/esg-am.ch\/de\/wp-json\/wp\/v2\/media?parent=3397"}],"curies":[{"name":"wp","href":"https:\/\/api.w.org\/{rel}","templated":true}]}}