{"id":3962,"date":"2022-02-04T12:35:46","date_gmt":"2022-02-04T12:35:46","guid":{"rendered":"https:\/\/esg-am.ch\/career\/"},"modified":"2022-06-15T18:12:52","modified_gmt":"2022-06-15T18:12:52","slug":"karriere","status":"publish","type":"page","link":"https:\/\/esg-am.ch\/de\/karriere\/","title":{"rendered":"Karriere"},"content":{"rendered":"[vc_row full_width=&#8221;stretch_row&#8221; full_height=&#8221;yes&#8221;][vc_column][vc_custom_heading text=&#8221;Karriere&#8221; font_container=&#8221;tag:h4|font_size:36px|text_align:center|color:%23333333|line_height:42px&#8221; google_fonts=&#8221;font_family:Roboto%20Slab%3A100%2C300%2Cregular%2C700|font_style:400%20regular%3A400%3Anormal&#8221;][wgl_spacing spacer_size=&#8221;20px&#8221;][vc_column_text]\n<p style=\"text-align: justify; text-align-last: center; #333333: black; font-size: 21px;\">Sie suchen eine neue berufliche Herausforderung und m\u00f6chten die Zukunft der Verm\u00f6gensverwaltung mitgestalten?<\/p>\n<p style=\"text-align: justify; text-align-last: center; #333333: black; font-size: 21px;\">Teilen Sie unsere \u00dcberzeugung, dass die gelebten Prinzipien Gleichheit, Vielfalt, Transparenz und Exzellenz in der Unternehmensf\u00fchrung sinnvolle Werte schaffen? Wenn Sie ein Branchenexperte und unternehmerisch denkend sind und ein dynamisches Umfeld in der nachhaltigen Finanzbranche suchen, nehmen Sie bitte Kontakt mit uns auf.<\/p>\n<p style=\"text-align: justify; text-align-last: center; #333333: black; font-size: 21px;\">Wir freuen uns auf Sie.<\/p>\n[\/vc_column_text][wgl_spacing spacer_size=&#8221;50px&#8221;][wgl_button button_text=&#8221;Kontakt&#8221; size=&#8221;m&#8221; align=&#8221;center&#8221; google_fonts_button=&#8221;font_family:Roboto%3A100%2C100italic%2C300%2C300italic%2Cregular%2Citalic%2C500%2C500italic%2C700%2C700italic%2C900%2C900italic|font_style:400%20regular%3A400%3Anormal&#8221; customize=&#8221;color&#8221; text_color=&#8221;#ffffff&#8221; text_color_hover=&#8221;#ff4664&#8243; bg_color=&#8221;#ff4664&#8243; bg_color_hover=&#8221;#ffffff&#8221; border_color=&#8221;#ff4664&#8243; border_color_hover=&#8221;#ff4664&#8243; custom_fonts_button=&#8221;true&#8221; link=&#8221;url:https%3A%2F%2Fesg-am.de%2Fde%2F%23contact&#8221;][\/vc_column][\/vc_row]\n","protected":false},"excerpt":{"rendered":"<p>[vc_row full_width=&#8221;stretch_row&#8221; full_height=&#8221;yes&#8221;][vc_column][vc_custom_heading text=&#8221;Karriere&#8221; font_container=&#8221;tag:h4|font_size:36px|text_align:center|color:%23333333|line_height:42px&#8221; google_fonts=&#8221;font_family:Roboto%20Slab%3A100%2C300%2Cregular%2C700|font_style:400%20regular%3A400%3Anormal&#8221;][wgl_spacing spacer_size=&#8221;20px&#8221;][vc_column_text] Sie suchen eine neue berufliche Herausforderung und m\u00f6chten die Zukunft der Verm\u00f6gensverwaltung mitgestalten? Teilen Sie unsere \u00dcberzeugung, dass die gelebten Prinzipien Gleichheit, Vielfalt, Transparenz und Exzellenz in der Unternehmensf\u00fchrung sinnvolle Werte schaffen? Wenn Sie ein Branchenexperte und unternehmerisch denkend sind und ein dynamisches Umfeld in der nachhaltigen Finanzbranche [&hellip;]<\/p>\n","protected":false},"author":1,"featured_media":0,"parent":0,"menu_order":0,"comment_status":"closed","ping_status":"closed","template":"","meta":{"_coblocks_attr":"","_coblocks_dimensions":"","_coblocks_responsive_height":"","_coblocks_accordion_ie_support":"","footnotes":""},"class_list":["post-3962","page","type-page","status-publish","hentry"],"yoast_head":"<!-- This site is optimized with the Yoast SEO plugin v27.4 - https:\/\/yoast.com\/product\/yoast-seo-wordpress\/ -->\n<title>Karriere - ESG Asset Management AG<\/title>\n<meta name=\"robots\" content=\"index, follow, max-snippet:-1, max-image-preview:large, max-video-preview:-1\" \/>\n<link rel=\"canonical\" href=\"https:\/\/esg-am.ch\/career\/\" \/>\n<meta property=\"og:locale\" content=\"de_DE\" \/>\n<meta property=\"og:type\" content=\"article\" \/>\n<meta property=\"og:title\" content=\"Karriere - ESG Asset Management AG\" \/>\n<meta property=\"og:description\" content=\"[vc_row full_width=&#8221;stretch_row&#8221; full_height=&#8221;yes&#8221;][vc_column][vc_custom_heading text=&#8221;Karriere&#8221; font_container=&#8221;tag:h4|font_size:36px|text_align:center|color:%23333333|line_height:42px&#8221; google_fonts=&#8221;font_family:Roboto%20Slab%3A100%2C300%2Cregular%2C700|font_style:400%20regular%3A400%3Anormal&#8221;][wgl_spacing spacer_size=&#8221;20px&#8221;][vc_column_text] Sie suchen eine neue berufliche Herausforderung und m\u00f6chten die Zukunft der Verm\u00f6gensverwaltung mitgestalten? Teilen Sie unsere \u00dcberzeugung, dass die gelebten Prinzipien Gleichheit, Vielfalt, Transparenz und Exzellenz in der Unternehmensf\u00fchrung sinnvolle Werte schaffen? Wenn Sie ein Branchenexperte und unternehmerisch denkend sind und ein dynamisches Umfeld in der nachhaltigen Finanzbranche [&hellip;]\" \/>\n<meta property=\"og:url\" content=\"https:\/\/esg-am.ch\/career\/\" \/>\n<meta property=\"og:site_name\" content=\"ESG Asset Management AG\" \/>\n<meta property=\"article:modified_time\" content=\"2022-06-15T18:12:52+00:00\" \/>\n<meta name=\"twitter:card\" content=\"summary_large_image\" \/>\n<meta name=\"twitter:label1\" content=\"Gesch\u00e4tzte Lesezeit\" \/>\n\t<meta name=\"twitter:data1\" content=\"1\u00a0Minute\" \/>\n<script type=\"application\/ld+json\" class=\"yoast-schema-graph\">{\"@context\":\"https:\\\/\\\/schema.org\",\"@graph\":[{\"@type\":\"WebPage\",\"@id\":\"https:\\\/\\\/esg-am.ch\\\/career\\\/\",\"url\":\"https:\\\/\\\/esg-am.ch\\\/career\\\/\",\"name\":\"Karriere - ESG Asset Management AG\",\"isPartOf\":{\"@id\":\"https:\\\/\\\/esg-am.ch\\\/#website\"},\"datePublished\":\"2022-02-04T12:35:46+00:00\",\"dateModified\":\"2022-06-15T18:12:52+00:00\",\"breadcrumb\":{\"@id\":\"https:\\\/\\\/esg-am.ch\\\/career\\\/#breadcrumb\"},\"inLanguage\":\"de\",\"potentialAction\":[{\"@type\":\"ReadAction\",\"target\":[\"https:\\\/\\\/esg-am.ch\\\/career\\\/\"]}]},{\"@type\":\"BreadcrumbList\",\"@id\":\"https:\\\/\\\/esg-am.ch\\\/career\\\/#breadcrumb\",\"itemListElement\":[{\"@type\":\"ListItem\",\"position\":1,\"name\":\"Home\",\"item\":\"https:\\\/\\\/esg-am.ch\\\/de\\\/\"},{\"@type\":\"ListItem\",\"position\":2,\"name\":\"Karriere\"}]},{\"@type\":\"WebSite\",\"@id\":\"https:\\\/\\\/esg-am.ch\\\/#website\",\"url\":\"https:\\\/\\\/esg-am.ch\\\/\",\"name\":\"ESG Asset Management AG\",\"description\":\"\",\"potentialAction\":[{\"@type\":\"SearchAction\",\"target\":{\"@type\":\"EntryPoint\",\"urlTemplate\":\"https:\\\/\\\/esg-am.ch\\\/?s={search_term_string}\"},\"query-input\":{\"@type\":\"PropertyValueSpecification\",\"valueRequired\":true,\"valueName\":\"search_term_string\"}}],\"inLanguage\":\"de\"}]}<\/script>\n<!-- \/ Yoast SEO plugin. -->","yoast_head_json":{"title":"Karriere - ESG Asset Management AG","robots":{"index":"index","follow":"follow","max-snippet":"max-snippet:-1","max-image-preview":"max-image-preview:large","max-video-preview":"max-video-preview:-1"},"canonical":"https:\/\/esg-am.ch\/career\/","og_locale":"de_DE","og_type":"article","og_title":"Karriere - ESG Asset Management AG","og_description":"[vc_row full_width=&#8221;stretch_row&#8221; full_height=&#8221;yes&#8221;][vc_column][vc_custom_heading text=&#8221;Karriere&#8221; font_container=&#8221;tag:h4|font_size:36px|text_align:center|color:%23333333|line_height:42px&#8221; google_fonts=&#8221;font_family:Roboto%20Slab%3A100%2C300%2Cregular%2C700|font_style:400%20regular%3A400%3Anormal&#8221;][wgl_spacing spacer_size=&#8221;20px&#8221;][vc_column_text] Sie suchen eine neue berufliche Herausforderung und m\u00f6chten die Zukunft der Verm\u00f6gensverwaltung mitgestalten? Teilen Sie unsere \u00dcberzeugung, dass die gelebten Prinzipien Gleichheit, Vielfalt, Transparenz und Exzellenz in der Unternehmensf\u00fchrung sinnvolle Werte schaffen? Wenn Sie ein Branchenexperte und unternehmerisch denkend sind und ein dynamisches Umfeld in der nachhaltigen Finanzbranche [&hellip;]","og_url":"https:\/\/esg-am.ch\/career\/","og_site_name":"ESG Asset Management AG","article_modified_time":"2022-06-15T18:12:52+00:00","twitter_card":"summary_large_image","twitter_misc":{"Gesch\u00e4tzte Lesezeit":"1\u00a0Minute"},"schema":{"@context":"https:\/\/schema.org","@graph":[{"@type":"WebPage","@id":"https:\/\/esg-am.ch\/career\/","url":"https:\/\/esg-am.ch\/career\/","name":"Karriere - ESG Asset Management AG","isPartOf":{"@id":"https:\/\/esg-am.ch\/#website"},"datePublished":"2022-02-04T12:35:46+00:00","dateModified":"2022-06-15T18:12:52+00:00","breadcrumb":{"@id":"https:\/\/esg-am.ch\/career\/#breadcrumb"},"inLanguage":"de","potentialAction":[{"@type":"ReadAction","target":["https:\/\/esg-am.ch\/career\/"]}]},{"@type":"BreadcrumbList","@id":"https:\/\/esg-am.ch\/career\/#breadcrumb","itemListElement":[{"@type":"ListItem","position":1,"name":"Home","item":"https:\/\/esg-am.ch\/de\/"},{"@type":"ListItem","position":2,"name":"Karriere"}]},{"@type":"WebSite","@id":"https:\/\/esg-am.ch\/#website","url":"https:\/\/esg-am.ch\/","name":"ESG Asset Management AG","description":"","potentialAction":[{"@type":"SearchAction","target":{"@type":"EntryPoint","urlTemplate":"https:\/\/esg-am.ch\/?s={search_term_string}"},"query-input":{"@type":"PropertyValueSpecification","valueRequired":true,"valueName":"search_term_string"}}],"inLanguage":"de"}]}},"_links":{"self":[{"href":"https:\/\/esg-am.ch\/de\/wp-json\/wp\/v2\/pages\/3962","targetHints":{"allow":["GET"]}}],"collection":[{"href":"https:\/\/esg-am.ch\/de\/wp-json\/wp\/v2\/pages"}],"about":[{"href":"https:\/\/esg-am.ch\/de\/wp-json\/wp\/v2\/types\/page"}],"author":[{"embeddable":true,"href":"https:\/\/esg-am.ch\/de\/wp-json\/wp\/v2\/users\/1"}],"replies":[{"embeddable":true,"href":"https:\/\/esg-am.ch\/de\/wp-json\/wp\/v2\/comments?post=3962"}],"version-history":[{"count":4,"href":"https:\/\/esg-am.ch\/de\/wp-json\/wp\/v2\/pages\/3962\/revisions"}],"predecessor-version":[{"id":4000,"href":"https:\/\/esg-am.ch\/de\/wp-json\/wp\/v2\/pages\/3962\/revisions\/4000"}],"wp:attachment":[{"href":"https:\/\/esg-am.ch\/de\/wp-json\/wp\/v2\/media?parent=3962"}],"curies":[{"name":"wp","href":"https:\/\/api.w.org\/{rel}","templated":true}]}}