{"id":4686,"date":"2023-10-10T10:33:45","date_gmt":"2023-10-10T10:33:45","guid":{"rendered":"https:\/\/esg-am.ch\/?page_id=4686"},"modified":"2023-10-10T10:29:38","modified_gmt":"2023-10-10T10:29:38","slug":"website-datenschutzerklaerung","status":"publish","type":"page","link":"https:\/\/esg-am.ch\/de\/website-datenschutzerklaerung\/","title":{"rendered":"Website-Datenschutzerkl\u00e4rung"},"content":{"rendered":"\n<p>ESG-AM AG (&#8220;ESGAM&#8221;) ist sich bewusst, dass Ihnen Ihre Privatsph\u00e4re wichtig ist und dass Sie sich Gedanken dar\u00fcber machen, wie Ihre pers\u00f6nlichen Daten online genutzt und weitergegeben werden.<\/p>\n\n\n\n<p>Wir respektieren und sch\u00e4tzen die Privatsph\u00e4re eines jeden, der www.esg-am.ch (&#8220;Website&#8221;) besucht. Vorbehaltlich der hier dargelegten begrenzten Ausnahmen erheben wir keine pers\u00f6nlichen Daten \u00fcber Sie, es sei denn, Sie kontaktieren uns.<\/p>\n\n\n\n<p>Alle pers\u00f6nlichen Daten, die wir sammeln, werden nur im Rahmen der gesetzlichen Bestimmungen und f\u00fcr die in dieser Datenschutzrichtlinie genannten Zwecke verwendet.<\/p>\n\n\n\n<p>Bitte lesen Sie diese Datenschutzrichtlinie (&#8220;Richtlinie&#8221;) sorgf\u00e4ltig durch und stellen Sie sicher, dass Sie sie verstehen. Es wird davon ausgegangen, dass Sie die Richtlinie bei Ihrer ersten Nutzung der Website akzeptieren. Wenn Sie diese Richtlinie nicht akzeptieren und damit einverstanden sind, m\u00fcssen Sie die Nutzung der Website unverz\u00fcglich einstellen.<\/p>\n\n\n\n<p>1.&nbsp;&nbsp;&nbsp;&nbsp;&nbsp;&nbsp;&nbsp;&nbsp; DEFINITIONEN UND AUSLEGUNG<\/p>\n\n\n\n<p>Die folgenden Begriffe in dieser Richtlinie haben die folgende Bedeutung:<\/p>\n\n\n\n<ul class=\"wp-block-list\">\n<li>&#8220;Personenbezogene Daten&#8221; sind alle Daten, die sich auf eine identifizierbare Person beziehen, die anhand dieser Daten direkt oder indirekt identifiziert werden kann. In diesem Fall handelt es sich um personenbezogene Daten, die Sie uns \u00fcber die Website zur Verf\u00fcgung stellen, z. B. Ihren Namen, Ihre Anschrift, Ihre E-Mail-Adresse, Ihre IP-Adresse usw. Diese Definition umfasst gegebenenfalls die Definitionen des Schweizerischen Bundesgesetzes \u00fcber den Datenschutz (in seiner jeweils g\u00fcltigen Fassung) (&#8220;DSG&#8221;) und\/oder der Allgemeinen Datenschutzverordnung (&#8220;DSGVO&#8221;); und<\/li>\n\n\n\n<li>&#8220;wir\/uns\/unser&#8221; bezeichnet die ESG-AM AG, ein in der Schweiz eingetragenes Unternehmen mit ihrem Firmensitz an der Gutenbergstrasse 10, 8002 Z\u00fcrich, Schweiz.<\/li>\n<\/ul>\n\n\n\n<p>2.&nbsp;&nbsp;&nbsp;&nbsp;&nbsp;&nbsp;&nbsp;&nbsp; WAS DECKT DIESE RICHTLINIE AB?<\/p>\n\n\n\n<p>Diese Richtlinie gilt nur f\u00fcr Ihre Nutzung der Website. Die Website kann Links zu anderen Websites enthalten. Bitte beachten Sie, dass wir keine Kontrolle dar\u00fcber haben, wie Ihre Daten von anderen Websites erfasst, gespeichert oder verwendet werden, und wir empfehlen Ihnen, die Datenschutzrichtlinien solcher Websites zu pr\u00fcfen, bevor Sie ihnen Daten zur Verf\u00fcgung stellen.<\/p>\n\n\n\n<p>3.&nbsp;&nbsp;&nbsp;&nbsp;&nbsp;&nbsp;&nbsp;&nbsp; IHRE RECHTE<\/p>\n\n\n\n<p>Als betroffene Person haben Sie nach dem DSG und\/oder der DSGVO die folgenden Rechte:<\/p>\n\n\n\n<ul class=\"wp-block-list\">\n<li>Das Recht, \u00fcber die Erhebung und Verwendung personenbezogener Daten durch uns informiert zu werden;<\/li>\n\n\n\n<li>Das Recht auf Zugang zu den personenbezogenen Daten, die wir \u00fcber Sie gespeichert haben (siehe unten, Abschnitt 4).<\/li>\n\n\n\n<li>Das Recht auf Berichtigung, wenn personenbezogene Daten, die wir \u00fcber Sie gespeichert haben, unrichtig oder unvollst\u00e4ndig sind (bitte kontaktieren Sie uns unter den unten stehenden Angaben, Abschnitt 8);<\/li>\n\n\n\n<li>Das Recht, von uns die L\u00f6schung aller personenbezogenen Daten zu verlangen, die wir \u00fcber Sie gespeichert haben;<\/li>\n\n\n\n<li>Das Recht, die Verarbeitung Ihrer personenbezogenen Daten einzuschr\u00e4nken (d. h. zu verhindern);<\/li>\n\n\n\n<li>Das Recht auf Daten\u00fcbertragbarkeit (Erhalt einer Kopie Ihrer personenbezogenen Daten zur Wiederverwendung bei einem anderen Dienst oder einer anderen Organisation);<\/li>\n\n\n\n<li>Das Recht, der Verwendung Ihrer personenbezogenen Daten f\u00fcr bestimmte Zwecke zu widersprechen; und<\/li>\n\n\n\n<li>Rechte in Bezug auf die automatisierte Entscheidungsfindung und das Profiling.<\/li>\n<\/ul>\n\n\n\n<p>Wenn Sie einen Grund zur Beschwerde \u00fcber die Verwendung Ihrer personenbezogenen Daten durch uns haben, wenden Sie sich bitte an uns, indem Sie die in Abschnitt 8 angegebenen Details verwenden. Wir werden unser Bestes tun, um das Problem f\u00fcr Sie zu l\u00f6sen. Wenn wir Ihnen nicht helfen k\u00f6nnen, haben Sie auch das Recht, eine Beschwerde beim Eidgen\u00f6ssischen Datenschutz- und \u00d6ffentlichkeitsbeauftragten (ED\u00d6B) und\/oder einer zust\u00e4ndigen EU-Aufsichtsbeh\u00f6rde (je nach Fall) einzureichen.<\/p>\n\n\n\n<p>4.&nbsp;&nbsp;&nbsp;&nbsp;&nbsp;&nbsp;&nbsp; WELCHE DATEN SAMMELN WIR?<\/p>\n\n\n\n<p>Vorbehaltlich der Bestimmungen in Abschnitt 5 erheben wir keine personenbezogenen Daten von Ihnen. Wir legen keine Cookies auf Ihrem Computer oder Ger\u00e4t ab. Wenn Sie uns eine E-Mail senden, k\u00f6nnen wir Ihren Namen, Ihre E-Mail-Adresse und alle anderen Informationen, die Sie uns geben, erfassen.<\/p>\n\n\n\n<p>5.&nbsp;&nbsp;&nbsp;&nbsp;&nbsp;&nbsp;&nbsp;&nbsp; WIE VERWENDEN WIR IHRE DATEN?<\/p>\n\n\n\n<p>Wenn wir personenbezogene Daten erheben, werden diese sicher verarbeitet und gespeichert, und zwar nicht l\u00e4nger, als es f\u00fcr den Zweck, f\u00fcr den sie erhoben wurden, erforderlich ist. Wir werden unseren Verpflichtungen nachkommen und Ihre Rechte im Rahmen des DSG und\/oder der DSGVO jederzeit wahren. Weitere Einzelheiten zur Sicherheit finden Sie in Abschnitt 6 unten.<\/p>\n\n\n\n<p>Wie bereits erw\u00e4hnt, erheben wir im Allgemeinen keine personenbezogenen Daten. Wenn Sie mit uns Kontakt aufnehmen und wir Ihre pers\u00f6nlichen Daten aus Ihrer E-Mail erhalten, k\u00f6nnen wir diese wie folgt verwenden:<\/p>\n\n\n\n<p>&#8211; Um auf Ihre E-Mail zu antworten;<\/p>\n\n\n\n<p>&#8211; zur Beantwortung anderer von Ihnen gestellter Anfragen.<\/p>\n\n\n\n<p>Falls eine Einwilligung erteilt wurde, haben Sie das Recht, Ihre Einwilligung zur Verwendung Ihrer personenbezogenen Daten jederzeit zu widerrufen und deren L\u00f6schung zu verlangen.<\/p>\n\n\n\n<p>6.&nbsp;&nbsp;&nbsp;&nbsp;&nbsp;&nbsp;&nbsp;&nbsp; WIE UND WO SPEICHERN WIR IHRE PERSONENBEZOGENEN DATEN?<\/p>\n\n\n\n<p>Wir bewahren Ihre personenbezogenen Daten nur so lange auf, wie wir sie ben\u00f6tigen, um sie wie in Abschnitt 5 beschrieben zu verwenden, und\/oder so lange, wie wir Ihre Erlaubnis haben, sie aufzubewahren.<\/p>\n\n\n\n<p>Ihre Daten werden nur in der Schweiz gespeichert.<\/p>\n\n\n\n<p>Die Datensicherheit ist uns sehr wichtig, und zum Schutz Ihrer Daten haben wir geeignete Ma\u00dfnahmen ergriffen, um alle Daten, die wir \u00fcber Sie besitzen, zu sch\u00fctzen und zu sichern.<\/p>\n\n\n\n<p>7.&nbsp;&nbsp;&nbsp;&nbsp;&nbsp;&nbsp;&nbsp;&nbsp; WIE K\u00d6NNEN SIE AUF IHRE PERS\u00d6NLICHEN DATEN ZUGREIFEN?<\/p>\n\n\n\n<p>Sie haben das Recht, eine Kopie Ihrer bei uns gespeicherten personenbezogenen Daten zu verlangen (sofern solche Daten gespeichert sind).<\/p>\n\n\n\n<p>Bitte kontaktieren Sie uns f\u00fcr weitere Informationen unter <a href=\"mailto:info@esg-am.ch\">info@esg-am.ch<\/a>.<\/p>\n\n\n\n<p>8.&nbsp;&nbsp;&nbsp;&nbsp;&nbsp;&nbsp;&nbsp;&nbsp; KONTAKTAUFNAHME MIT UNS<\/p>\n\n\n\n<p>Wenn Sie Fragen zur Website oder zu dieser Richtlinie haben, kontaktieren Sie uns bitte per E-Mail unter <a href=\"mailto:info@esg-am.ch\">info@esg-am.ch<\/a>. Bitte stellen Sie sicher, dass Ihre Anfrage klar und deutlich formuliert ist, insbesondere wenn es sich um eine Anfrage nach Informationen \u00fcber die Daten handelt, die wir \u00fcber Sie gespeichert haben.<\/p>\n\n\n\n<p>9.&nbsp;&nbsp;&nbsp;&nbsp;&nbsp;&nbsp;&nbsp;&nbsp; \u00c4NDERUNGEN AN UNSERER POLITIK<\/p>\n\n\n\n<p>Wir k\u00f6nnen diese Richtlinie von Zeit zu Zeit \u00e4ndern. Alle \u00c4nderungen werden sofort auf der Website ver\u00f6ffentlicht und es wird davon ausgegangen, dass Sie die Bedingungen der Richtlinie bei Ihrer ersten Nutzung der Website nach den \u00c4nderungen akzeptieren. Wir empfehlen Ihnen, diese Richtlinie regelm\u00e4\u00dfig zu \u00fcberpr\u00fcfen, um auf dem neuesten Stand zu bleiben.<\/p>\n\n\n\n<p>Stand 1.09.2023<\/p>\n","protected":false},"excerpt":{"rendered":"<p>ESG-AM AG (&#8220;ESGAM&#8221;) ist sich bewusst, dass Ihnen Ihre Privatsph\u00e4re wichtig ist und dass Sie sich Gedanken dar\u00fcber machen, wie Ihre pers\u00f6nlichen Daten online genutzt und weitergegeben werden. Wir respektieren und sch\u00e4tzen die Privatsph\u00e4re eines jeden, der www.esg-am.ch (&#8220;Website&#8221;) besucht. Vorbehaltlich der hier dargelegten begrenzten Ausnahmen erheben wir keine pers\u00f6nlichen Daten \u00fcber Sie, es sei [&hellip;]<\/p>\n","protected":false},"author":1,"featured_media":0,"parent":0,"menu_order":0,"comment_status":"closed","ping_status":"closed","template":"","meta":{"_coblocks_attr":"","_coblocks_dimensions":"","_coblocks_responsive_height":"","_coblocks_accordion_ie_support":"","footnotes":""},"class_list":["post-4686","page","type-page","status-publish","hentry"],"yoast_head":"<!-- This site is optimized with the Yoast SEO plugin v27.4 - https:\/\/yoast.com\/product\/yoast-seo-wordpress\/ -->\n<title>Website-Datenschutzerkl\u00e4rung - ESG Asset Management AG<\/title>\n<meta name=\"robots\" content=\"index, follow, max-snippet:-1, max-image-preview:large, max-video-preview:-1\" \/>\n<link rel=\"canonical\" href=\"https:\/\/esg-am.ch\/website-privacy-policy\/\" \/>\n<meta property=\"og:locale\" content=\"de_DE\" \/>\n<meta property=\"og:type\" content=\"article\" \/>\n<meta property=\"og:title\" content=\"Website-Datenschutzerkl\u00e4rung - ESG Asset Management AG\" \/>\n<meta property=\"og:description\" content=\"ESG-AM AG (&#8220;ESGAM&#8221;) ist sich bewusst, dass Ihnen Ihre Privatsph\u00e4re wichtig ist und dass Sie sich Gedanken dar\u00fcber machen, wie Ihre pers\u00f6nlichen Daten online genutzt und weitergegeben werden. Wir respektieren und sch\u00e4tzen die Privatsph\u00e4re eines jeden, der www.esg-am.ch (&#8220;Website&#8221;) besucht. Vorbehaltlich der hier dargelegten begrenzten Ausnahmen erheben wir keine pers\u00f6nlichen Daten \u00fcber Sie, es sei [&hellip;]\" \/>\n<meta property=\"og:url\" content=\"https:\/\/esg-am.ch\/website-privacy-policy\/\" \/>\n<meta property=\"og:site_name\" content=\"ESG Asset Management AG\" \/>\n<meta name=\"twitter:card\" content=\"summary_large_image\" \/>\n<meta name=\"twitter:label1\" content=\"Gesch\u00e4tzte Lesezeit\" \/>\n\t<meta name=\"twitter:data1\" content=\"5\u00a0Minuten\" \/>\n<script type=\"application\/ld+json\" class=\"yoast-schema-graph\">{\"@context\":\"https:\\\/\\\/schema.org\",\"@graph\":[{\"@type\":\"WebPage\",\"@id\":\"https:\\\/\\\/esg-am.ch\\\/website-privacy-policy\\\/\",\"url\":\"https:\\\/\\\/esg-am.ch\\\/website-privacy-policy\\\/\",\"name\":\"Website-Datenschutzerkl\u00e4rung - ESG Asset Management AG\",\"isPartOf\":{\"@id\":\"https:\\\/\\\/esg-am.ch\\\/#website\"},\"datePublished\":\"2023-10-10T10:33:45+00:00\",\"breadcrumb\":{\"@id\":\"https:\\\/\\\/esg-am.ch\\\/website-privacy-policy\\\/#breadcrumb\"},\"inLanguage\":\"de\",\"potentialAction\":[{\"@type\":\"ReadAction\",\"target\":[\"https:\\\/\\\/esg-am.ch\\\/website-privacy-policy\\\/\"]}]},{\"@type\":\"BreadcrumbList\",\"@id\":\"https:\\\/\\\/esg-am.ch\\\/website-privacy-policy\\\/#breadcrumb\",\"itemListElement\":[{\"@type\":\"ListItem\",\"position\":1,\"name\":\"Home\",\"item\":\"https:\\\/\\\/esg-am.ch\\\/de\\\/\"},{\"@type\":\"ListItem\",\"position\":2,\"name\":\"Website-Datenschutzerkl\u00e4rung\"}]},{\"@type\":\"WebSite\",\"@id\":\"https:\\\/\\\/esg-am.ch\\\/#website\",\"url\":\"https:\\\/\\\/esg-am.ch\\\/\",\"name\":\"ESG Asset Management AG\",\"description\":\"\",\"potentialAction\":[{\"@type\":\"SearchAction\",\"target\":{\"@type\":\"EntryPoint\",\"urlTemplate\":\"https:\\\/\\\/esg-am.ch\\\/?s={search_term_string}\"},\"query-input\":{\"@type\":\"PropertyValueSpecification\",\"valueRequired\":true,\"valueName\":\"search_term_string\"}}],\"inLanguage\":\"de\"}]}<\/script>\n<!-- \/ Yoast SEO plugin. -->","yoast_head_json":{"title":"Website-Datenschutzerkl\u00e4rung - ESG Asset Management AG","robots":{"index":"index","follow":"follow","max-snippet":"max-snippet:-1","max-image-preview":"max-image-preview:large","max-video-preview":"max-video-preview:-1"},"canonical":"https:\/\/esg-am.ch\/website-privacy-policy\/","og_locale":"de_DE","og_type":"article","og_title":"Website-Datenschutzerkl\u00e4rung - ESG Asset Management AG","og_description":"ESG-AM AG (&#8220;ESGAM&#8221;) ist sich bewusst, dass Ihnen Ihre Privatsph\u00e4re wichtig ist und dass Sie sich Gedanken dar\u00fcber machen, wie Ihre pers\u00f6nlichen Daten online genutzt und weitergegeben werden. Wir respektieren und sch\u00e4tzen die Privatsph\u00e4re eines jeden, der www.esg-am.ch (&#8220;Website&#8221;) besucht. Vorbehaltlich der hier dargelegten begrenzten Ausnahmen erheben wir keine pers\u00f6nlichen Daten \u00fcber Sie, es sei [&hellip;]","og_url":"https:\/\/esg-am.ch\/website-privacy-policy\/","og_site_name":"ESG Asset Management AG","twitter_card":"summary_large_image","twitter_misc":{"Gesch\u00e4tzte Lesezeit":"5\u00a0Minuten"},"schema":{"@context":"https:\/\/schema.org","@graph":[{"@type":"WebPage","@id":"https:\/\/esg-am.ch\/website-privacy-policy\/","url":"https:\/\/esg-am.ch\/website-privacy-policy\/","name":"Website-Datenschutzerkl\u00e4rung - ESG Asset Management AG","isPartOf":{"@id":"https:\/\/esg-am.ch\/#website"},"datePublished":"2023-10-10T10:33:45+00:00","breadcrumb":{"@id":"https:\/\/esg-am.ch\/website-privacy-policy\/#breadcrumb"},"inLanguage":"de","potentialAction":[{"@type":"ReadAction","target":["https:\/\/esg-am.ch\/website-privacy-policy\/"]}]},{"@type":"BreadcrumbList","@id":"https:\/\/esg-am.ch\/website-privacy-policy\/#breadcrumb","itemListElement":[{"@type":"ListItem","position":1,"name":"Home","item":"https:\/\/esg-am.ch\/de\/"},{"@type":"ListItem","position":2,"name":"Website-Datenschutzerkl\u00e4rung"}]},{"@type":"WebSite","@id":"https:\/\/esg-am.ch\/#website","url":"https:\/\/esg-am.ch\/","name":"ESG Asset Management AG","description":"","potentialAction":[{"@type":"SearchAction","target":{"@type":"EntryPoint","urlTemplate":"https:\/\/esg-am.ch\/?s={search_term_string}"},"query-input":{"@type":"PropertyValueSpecification","valueRequired":true,"valueName":"search_term_string"}}],"inLanguage":"de"}]}},"_links":{"self":[{"href":"https:\/\/esg-am.ch\/de\/wp-json\/wp\/v2\/pages\/4686","targetHints":{"allow":["GET"]}}],"collection":[{"href":"https:\/\/esg-am.ch\/de\/wp-json\/wp\/v2\/pages"}],"about":[{"href":"https:\/\/esg-am.ch\/de\/wp-json\/wp\/v2\/types\/page"}],"author":[{"embeddable":true,"href":"https:\/\/esg-am.ch\/de\/wp-json\/wp\/v2\/users\/1"}],"replies":[{"embeddable":true,"href":"https:\/\/esg-am.ch\/de\/wp-json\/wp\/v2\/comments?post=4686"}],"version-history":[{"count":2,"href":"https:\/\/esg-am.ch\/de\/wp-json\/wp\/v2\/pages\/4686\/revisions"}],"predecessor-version":[{"id":4688,"href":"https:\/\/esg-am.ch\/de\/wp-json\/wp\/v2\/pages\/4686\/revisions\/4688"}],"wp:attachment":[{"href":"https:\/\/esg-am.ch\/de\/wp-json\/wp\/v2\/media?parent=4686"}],"curies":[{"name":"wp","href":"https:\/\/api.w.org\/{rel}","templated":true}]}}